{"id":2513,"date":"2025-05-27T19:21:41","date_gmt":"2025-05-27T16:21:41","guid":{"rendered":"http:\/\/www.hometech.com.tr\/?post_type=product&#038;p=2513"},"modified":"2026-04-16T05:43:01","modified_gmt":"2026-04-16T02:43:01","slug":"ht-20-sarjli-dikey-supurge","status":"publish","type":"product","link":"https:\/\/www.hometech.com.tr\/en_us\/product\/ht-20-sarjli-dikey-supurge\/","title":{"rendered":"HT-20 Cordless Vertical Vacuum Cleaner"},"content":{"rendered":"<div class=\"product-info\">\n<div id=\"tab-attribute\" class=\"technical-info\">\n<div class=\"title\">\n<h2>TECHNICAL SPECIFICATIONS<\/h2>\n<\/div>\n<div class=\"table-responsive\">\n<table>\n<tbody>\n<tr>\n<td>Dimensions<\/td>\n<td>1.16*0.24*0.22<\/td>\n<\/tr>\n<tr>\n<td>Weight<\/td>\n<td>1.9 kg<\/td>\n<\/tr>\n<tr>\n<td>Operating Voltage<\/td>\n<td>Vacuum motor 350W<\/td>\n<\/tr>\n<\/tbody>\n<\/table>\n<\/div>\n<\/div>\n<\/div>\n<div class=\"product-comments\"><\/div>","protected":false},"excerpt":{"rendered":"<p>TEKN\u0130K \u00d6ZELL\u0130KLER Boyutlar 1.16*0.24*0.22 A\u011f\u0131rl\u0131k 1.9 kg \u00c7al\u0131\u015fma Voltaj\u0131 Vakum motoru 350W<\/p>","protected":false},"featured_media":2514,"comment_status":"open","ping_status":"closed","template":"","meta":[],"product_brand":[],"product_cat":[97],"product_tag":[],"class_list":{"0":"post-2513","1":"product","2":"type-product","3":"status-publish","4":"has-post-thumbnail","6":"product_cat-elektrikli-ev-aletleri","8":"first","9":"outofstock","10":"taxable","11":"shipping-taxable","12":"purchasable","13":"product-type-variable"},"_links":{"self":[{"href":"https:\/\/www.hometech.com.tr\/en_us\/wp-json\/wp\/v2\/product\/2513","targetHints":{"allow":["GET"]}}],"collection":[{"href":"https:\/\/www.hometech.com.tr\/en_us\/wp-json\/wp\/v2\/product"}],"about":[{"href":"https:\/\/www.hometech.com.tr\/en_us\/wp-json\/wp\/v2\/types\/product"}],"replies":[{"embeddable":true,"href":"https:\/\/www.hometech.com.tr\/en_us\/wp-json\/wp\/v2\/comments?post=2513"}],"wp:featuredmedia":[{"embeddable":true,"href":"https:\/\/www.hometech.com.tr\/en_us\/wp-json\/wp\/v2\/media\/2514"}],"wp:attachment":[{"href":"https:\/\/www.hometech.com.tr\/en_us\/wp-json\/wp\/v2\/media?parent=2513"}],"wp:term":[{"taxonomy":"product_brand","embeddable":true,"href":"https:\/\/www.hometech.com.tr\/en_us\/wp-json\/wp\/v2\/product_brand?post=2513"},{"taxonomy":"product_cat","embeddable":true,"href":"https:\/\/www.hometech.com.tr\/en_us\/wp-json\/wp\/v2\/product_cat?post=2513"},{"taxonomy":"product_tag","embeddable":true,"href":"https:\/\/www.hometech.com.tr\/en_us\/wp-json\/wp\/v2\/product_tag?post=2513"}],"curies":[{"name":"wp","href":"https:\/\/api.w.org\/{rel}","templated":true}]}}