{"id":2532,"date":"2025-05-27T19:27:08","date_gmt":"2025-05-27T16:27:08","guid":{"rendered":"http:\/\/www.hometech.com.tr\/?post_type=product&#038;p=2532"},"modified":"2026-03-16T09:26:16","modified_gmt":"2026-03-16T06:26:16","slug":"ht-202-speaker","status":"publish","type":"product","link":"https:\/\/www.hometech.com.tr\/en_us\/product\/ht-202-speaker\/","title":{"rendered":"HT-202 SPEAKER"},"content":{"rendered":"<div class=\"title\">\n<h2>TECHNICAL SPECIFICATIONS<\/h2>\n<\/div>\n<div class=\"table-responsive\">\n<table>\n<tbody>\n<tr>\n<td>Dimensions<\/td>\n<td>Hoparl\u00f6r:135*147*180 mm Mikrofon :50*50*180 mm<\/td>\n<\/tr>\n<tr>\n<td>Weight<\/td>\n<td>2.35 Kg<\/td>\n<\/tr>\n<tr>\n<td>Ba\u011flant\u0131<\/td>\n<td>BT 5.0<\/td>\n<\/tr>\n<tr>\n<td>\u00c7\u0131k\u0131\u015f Voltaj\u0131<\/td>\n<td>20W<\/td>\n<\/tr>\n<tr>\n<td>Kutu \u0130\u00e7eri\u011fi<\/td>\n<td>Kullanma klavuzu, \u015earj kablosu, 2 adet mikrofon<\/td>\n<\/tr>\n<\/tbody>\n<\/table>\n<\/div>","protected":false},"excerpt":{"rendered":"<p>TEKN\u0130K \u00d6ZELL\u0130KLER Boyutlar Hoparl\u00f6r:135*147*180 mm Mikrofon :50*50*180 mm A\u011f\u0131rl\u0131k 2.35 Kg Ba\u011flant\u0131 BT 5.0 \u00c7\u0131k\u0131\u015f Voltaj\u0131 20W Kutu \u0130\u00e7eri\u011fi Kullanma klavuzu, \u015earj kablosu, 2 adet mikrofon<\/p>","protected":false},"featured_media":2533,"comment_status":"open","ping_status":"closed","template":"","meta":[],"product_brand":[],"product_cat":[41],"product_tag":[],"class_list":{"0":"post-2532","1":"product","2":"type-product","3":"status-publish","4":"has-post-thumbnail","6":"product_cat-tuketici-elektronigi","8":"first","9":"outofstock","10":"taxable","11":"shipping-taxable","12":"purchasable","13":"product-type-simple"},"_links":{"self":[{"href":"https:\/\/www.hometech.com.tr\/en_us\/wp-json\/wp\/v2\/product\/2532","targetHints":{"allow":["GET"]}}],"collection":[{"href":"https:\/\/www.hometech.com.tr\/en_us\/wp-json\/wp\/v2\/product"}],"about":[{"href":"https:\/\/www.hometech.com.tr\/en_us\/wp-json\/wp\/v2\/types\/product"}],"replies":[{"embeddable":true,"href":"https:\/\/www.hometech.com.tr\/en_us\/wp-json\/wp\/v2\/comments?post=2532"}],"wp:featuredmedia":[{"embeddable":true,"href":"https:\/\/www.hometech.com.tr\/en_us\/wp-json\/wp\/v2\/media\/2533"}],"wp:attachment":[{"href":"https:\/\/www.hometech.com.tr\/en_us\/wp-json\/wp\/v2\/media?parent=2532"}],"wp:term":[{"taxonomy":"product_brand","embeddable":true,"href":"https:\/\/www.hometech.com.tr\/en_us\/wp-json\/wp\/v2\/product_brand?post=2532"},{"taxonomy":"product_cat","embeddable":true,"href":"https:\/\/www.hometech.com.tr\/en_us\/wp-json\/wp\/v2\/product_cat?post=2532"},{"taxonomy":"product_tag","embeddable":true,"href":"https:\/\/www.hometech.com.tr\/en_us\/wp-json\/wp\/v2\/product_tag?post=2532"}],"curies":[{"name":"wp","href":"https:\/\/api.w.org\/{rel}","templated":true}]}}