{"id":2703,"date":"2025-06-20T17:08:24","date_gmt":"2025-06-20T14:08:24","guid":{"rendered":"http:\/\/www.hometech.com.tr\/?post_type=product&#038;p=2703"},"modified":"2026-05-04T09:14:34","modified_gmt":"2026-05-04T06:14:34","slug":"ht-4400-yatay-isitici","status":"publish","type":"product","link":"https:\/\/www.hometech.com.tr\/en_us\/product\/ht-4400-yatay-isitici\/","title":{"rendered":"HT-4400 HORIZONTAL HEATER"},"content":{"rendered":"<p>\u00b7 Otomatik kapanma<br \/>\n\u00b7 Su s\u0131\u00e7ramalar\u0131ndan etkilenmez<br \/>\n\u00b7 A\u00e7\u0131k alanda, r\u00fczgarl\u0131 havada \u0131s\u0131t\u0131r<br \/>\n\u00b7 K\u0131sa s\u00fcreli kullan\u0131mlarda \u00e7ok daha tasarrufludur.<br \/>\n\u00b7 Kolay kurulum<br \/>\n\u00b7 K\u0131sa s\u00fcrede \u0131s\u0131y\u0131 iletir.<br \/>\n\u00b7 G\u00fc\u00e7 :2500 W<br \/>\n\u00b7 AC 220-240 V \/ 50-60 Hz.<br \/>\n\u00b7 Is\u0131tma alan\u0131 18-28 m2<br \/>\n\u00b7 Yerli \u00dcretim<\/p>","protected":false},"excerpt":{"rendered":"<p>2500W Duvar Tipi Infrared Is\u0131t\u0131c\u0131<br \/>\n\u00b7 Al\u00fcminyum Kasa<br \/>\n\u00b7 Duvar aparat\u0131 sayesinde rahat\u00e7a montaj yap\u0131l\u0131r (Duvar aparat\u0131 kutu i\u00e7erisindedir.)<br \/>\n\u00b7 Havay\u0131 kurutmaz, koku yapmaz<\/p>","protected":false},"featured_media":2801,"comment_status":"open","ping_status":"closed","template":"","meta":[],"product_brand":[],"product_cat":[41],"product_tag":[],"class_list":{"0":"post-2703","1":"product","2":"type-product","3":"status-publish","4":"has-post-thumbnail","6":"product_cat-tuketici-elektronigi","8":"first","9":"outofstock","10":"taxable","11":"shipping-taxable","12":"purchasable","13":"product-type-simple"},"_links":{"self":[{"href":"https:\/\/www.hometech.com.tr\/en_us\/wp-json\/wp\/v2\/product\/2703","targetHints":{"allow":["GET"]}}],"collection":[{"href":"https:\/\/www.hometech.com.tr\/en_us\/wp-json\/wp\/v2\/product"}],"about":[{"href":"https:\/\/www.hometech.com.tr\/en_us\/wp-json\/wp\/v2\/types\/product"}],"replies":[{"embeddable":true,"href":"https:\/\/www.hometech.com.tr\/en_us\/wp-json\/wp\/v2\/comments?post=2703"}],"wp:featuredmedia":[{"embeddable":true,"href":"https:\/\/www.hometech.com.tr\/en_us\/wp-json\/wp\/v2\/media\/2801"}],"wp:attachment":[{"href":"https:\/\/www.hometech.com.tr\/en_us\/wp-json\/wp\/v2\/media?parent=2703"}],"wp:term":[{"taxonomy":"product_brand","embeddable":true,"href":"https:\/\/www.hometech.com.tr\/en_us\/wp-json\/wp\/v2\/product_brand?post=2703"},{"taxonomy":"product_cat","embeddable":true,"href":"https:\/\/www.hometech.com.tr\/en_us\/wp-json\/wp\/v2\/product_cat?post=2703"},{"taxonomy":"product_tag","embeddable":true,"href":"https:\/\/www.hometech.com.tr\/en_us\/wp-json\/wp\/v2\/product_tag?post=2703"}],"curies":[{"name":"wp","href":"https:\/\/api.w.org\/{rel}","templated":true}]}}