{"id":2705,"date":"2025-06-20T17:11:05","date_gmt":"2025-06-20T14:11:05","guid":{"rendered":"http:\/\/www.hometech.com.tr\/?post_type=product&#038;p=2705"},"modified":"2026-05-04T09:13:14","modified_gmt":"2026-05-04T06:13:14","slug":"ht-2200-dikey-isitici","status":"publish","type":"product","link":"https:\/\/www.hometech.com.tr\/en_us\/product\/ht-2200-dikey-isitici\/","title":{"rendered":"HT-2200 Vertical Heater"},"content":{"rendered":"","protected":false},"excerpt":{"rendered":"<ul>\n<li>G\u00fc\u00e7: 2000 W<\/li>\n<li>Voltaj: 220-240 V<\/li>\n<li>Frekans: 50-60 hz<\/li>\n<li>Is\u0131tma alan\u0131: 15-23 m\u00b2<\/li>\n<li>Devrilme emniyeti vard\u0131r<\/li>\n<li>Havay\u0131 kurutmaz<\/li>\n<li>Mika (uzun \u00f6m\u00fcrl\u00fc) yeni teknoloji rezistans<\/li>\n<li>Al\u00fcminyum g\u00f6vde<\/li>\n<li>2 y\u0131l garantili<\/li>\n<\/ul>","protected":false},"featured_media":2706,"comment_status":"open","ping_status":"closed","template":"","meta":[],"product_brand":[],"product_cat":[41],"product_tag":[],"class_list":{"0":"post-2705","1":"product","2":"type-product","3":"status-publish","4":"has-post-thumbnail","6":"product_cat-tuketici-elektronigi","8":"first","9":"instock","10":"taxable","11":"shipping-taxable","12":"purchasable","13":"product-type-simple"},"_links":{"self":[{"href":"https:\/\/www.hometech.com.tr\/en_us\/wp-json\/wp\/v2\/product\/2705","targetHints":{"allow":["GET"]}}],"collection":[{"href":"https:\/\/www.hometech.com.tr\/en_us\/wp-json\/wp\/v2\/product"}],"about":[{"href":"https:\/\/www.hometech.com.tr\/en_us\/wp-json\/wp\/v2\/types\/product"}],"replies":[{"embeddable":true,"href":"https:\/\/www.hometech.com.tr\/en_us\/wp-json\/wp\/v2\/comments?post=2705"}],"wp:featuredmedia":[{"embeddable":true,"href":"https:\/\/www.hometech.com.tr\/en_us\/wp-json\/wp\/v2\/media\/2706"}],"wp:attachment":[{"href":"https:\/\/www.hometech.com.tr\/en_us\/wp-json\/wp\/v2\/media?parent=2705"}],"wp:term":[{"taxonomy":"product_brand","embeddable":true,"href":"https:\/\/www.hometech.com.tr\/en_us\/wp-json\/wp\/v2\/product_brand?post=2705"},{"taxonomy":"product_cat","embeddable":true,"href":"https:\/\/www.hometech.com.tr\/en_us\/wp-json\/wp\/v2\/product_cat?post=2705"},{"taxonomy":"product_tag","embeddable":true,"href":"https:\/\/www.hometech.com.tr\/en_us\/wp-json\/wp\/v2\/product_tag?post=2705"}],"curies":[{"name":"wp","href":"https:\/\/api.w.org\/{rel}","templated":true}]}}