{"id":4642,"date":"2026-03-27T15:37:22","date_gmt":"2026-03-27T12:37:22","guid":{"rendered":"https:\/\/www.hometech.com.tr\/?post_type=product&#038;p=4642"},"modified":"2026-05-11T23:55:28","modified_gmt":"2026-05-11T20:55:28","slug":"alfa-10xm","status":"publish","type":"product","link":"https:\/\/www.hometech.com.tr\/en_us\/product\/alfa-10xm\/","title":{"rendered":"ALFA 10XM"},"content":{"rendered":"<p>MediaTek M8786 2.0 GHz OCTA-CORE CPU<\/p>\n<p>10.1 \u2018\u2019 800x1280px Incell IPS Ekran<\/p>\n<p>12GB RAM (4GB RAM + 8GB SANAL RAM)<\/p>\n<p>128GB HAFIZA<\/p>\n<p>6000 mAh Battery Capacity<\/p>\n<p>KILIF HED\u0130YEL\u0130<\/p>\n<p>ANDRO\u0130D 14<\/p>","protected":false},"excerpt":{"rendered":"<p>MediaTek M8786 2.0 GHz OCTA-CORE CPU 10.1 \u2018\u2019 800x1280px Incell IPS Ekran 12GB RAM (4GB RAM + 8GB SANAL RAM) 128GB HAFIZA 6000 mAh Pil Kapasitesi KILIF HED\u0130YEL\u0130 ANDRO\u0130D 14<\/p>","protected":false},"featured_media":4654,"comment_status":"open","ping_status":"closed","template":"","meta":[],"product_brand":[],"product_cat":[15,36],"product_tag":[],"class_list":{"0":"post-4642","1":"product","2":"type-product","3":"status-publish","4":"has-post-thumbnail","6":"product_cat-uncategorized","7":"product_cat-tablet","9":"first","10":"instock","11":"taxable","12":"shipping-taxable","13":"purchasable","14":"product-type-simple"},"_links":{"self":[{"href":"https:\/\/www.hometech.com.tr\/en_us\/wp-json\/wp\/v2\/product\/4642","targetHints":{"allow":["GET"]}}],"collection":[{"href":"https:\/\/www.hometech.com.tr\/en_us\/wp-json\/wp\/v2\/product"}],"about":[{"href":"https:\/\/www.hometech.com.tr\/en_us\/wp-json\/wp\/v2\/types\/product"}],"replies":[{"embeddable":true,"href":"https:\/\/www.hometech.com.tr\/en_us\/wp-json\/wp\/v2\/comments?post=4642"}],"wp:featuredmedia":[{"embeddable":true,"href":"https:\/\/www.hometech.com.tr\/en_us\/wp-json\/wp\/v2\/media\/4654"}],"wp:attachment":[{"href":"https:\/\/www.hometech.com.tr\/en_us\/wp-json\/wp\/v2\/media?parent=4642"}],"wp:term":[{"taxonomy":"product_brand","embeddable":true,"href":"https:\/\/www.hometech.com.tr\/en_us\/wp-json\/wp\/v2\/product_brand?post=4642"},{"taxonomy":"product_cat","embeddable":true,"href":"https:\/\/www.hometech.com.tr\/en_us\/wp-json\/wp\/v2\/product_cat?post=4642"},{"taxonomy":"product_tag","embeddable":true,"href":"https:\/\/www.hometech.com.tr\/en_us\/wp-json\/wp\/v2\/product_tag?post=4642"}],"curies":[{"name":"wp","href":"https:\/\/api.w.org\/{rel}","templated":true}]}}